{"id":87,"date":"2016-11-17T20:58:58","date_gmt":"2016-11-17T18:58:58","guid":{"rendered":"https:\/\/xn--urnalai-cxb.lmta.lt\/?page_id=87"},"modified":"2021-03-22T15:15:19","modified_gmt":"2021-03-22T13:15:19","slug":"lietuvos-muzikologija-redaktoriu-kolegija","status":"publish","type":"page","link":"https:\/\/xn--urnalai-cxb.lmta.lt\/lt\/lietuvos-muzikologija-redaktoriu-kolegija\/","title":{"rendered":"Lietuvos muzikologija"},"content":{"rendered":"<h3>Redakcin\u0117 kolegija<\/h3>\n<h4>Vyriausioji redaktor\u0117<\/h4>\n<p>Prof. dr. R\u016bta Stanevi\u010di\u016bt\u0117 (Lietuvos muzikos ir teatro akademija)<\/p>\n<h4>Vyriausiosios redaktor\u0117s pavaduotoja<\/h4>\n<p>Prof. dr. Rima Povilionien\u0117 (Lietuvos muzikos ir teatro akademija)<\/p>\n<h4>Nariai<\/h4>\n<p>\u2022 Prof. habil. dr. Eero Tarasti (Helsinkio universitetas, Suomija)<br \/>\n\u2022 Prof. habil. dr. Helmut Loos (Leipcigo universitetas, Vokietija)<br \/>\n\u2022 Habil. dr. Jolanta Guzy-Pasiak (Lenkijos moksl\u0173 akademijos Meno institutas, Lenkija)<br \/>\n\u2022 Prof. dr. Kevin C. Karnes (Emory universitetas, JAV)<br \/>\n\u2022 Prof. dr. Mart Humal (Estijos muzikos ir teatro akademija, Estija)<br \/>\n\u2022 Prof. dr. Marina Frolova-Walker (Kembrid\u017eo universitetas, Jungtin\u0117 Karalyst\u0117)<br \/>\n\u2022 Prof. dr. Leon Stefanija (Liublianos universitetas, Slov\u0117nija)<br \/>\n\u2022 Prof. dr. Janis Kudin\u0161 (Latvijos J. Vytuolio muzikos akademija, Latvija)<br \/>\n\u2022 Prof. habil. dr. (h.p.) Gra\u017eina Daunoravi\u010dien\u0117 (Lietuvos muzikos ir teatro akademija, Lietuva)<br \/>\n\u2022 Prof. habil. dr. (h.p.) Daiva Vy\u010dinien\u0117 (Lietuvos muzikos ir teatro akademija, Lietuva)<br \/>\n\u2022 Prof. dr. Danut\u0117 Petrauskait\u0117 (Lietuvos muzikos ir teatro akademija, Lietuva)<br \/>\n\u2022 Dr. Audron\u0117 \u017dukauskait\u0117 (Lietuvos kult\u016bros tyrim\u0173 institutas; Europos humanitarinis universitetas, Lietuva)<\/p>\n","protected":false},"excerpt":{"rendered":"<p>Redakcin\u0117 kolegija Vyriausioji redaktor\u0117 Prof. dr. R\u016bta Stanevi\u010di\u016bt\u0117 (Lietuvos muzikos ir teatro akademija) Vyriausiosios redaktor\u0117s pavaduotoja Prof. dr. Rima Povilionien\u0117 (Lietuvos muzikos ir teatro akademija) Nariai \u2022 Prof. habil. dr. Eero Tarasti (Helsinkio universitetas, Suomija) \u2022 Prof. habil. dr. Helmut Loos (Leipcigo universitetas, Vokietija) \u2022 Habil. dr. Jolanta Guzy-Pasiak (Lenkijos moksl\u0173 akademijos Meno institutas, Lenkija) &hellip; <a href=\"https:\/\/xn--urnalai-cxb.lmta.lt\/lt\/lietuvos-muzikologija-redaktoriu-kolegija\/\" class=\"more-link\">Skaityti toliau: <span class=\"screen-reader-text\">Lietuvos muzikologija<\/span><\/a><\/p>\n","protected":false},"author":1,"featured_media":0,"parent":0,"menu_order":0,"comment_status":"closed","ping_status":"closed","template":"","meta":{"om_disable_all_campaigns":false,"_monsterinsights_skip_tracking":false,"_monsterinsights_sitenote_active":false,"_monsterinsights_sitenote_note":"","_monsterinsights_sitenote_category":0,"_lt_post_content":"<h3>Redakcin\u0117 kolegija<\/h3>\n<h4>Vyriausioji redaktor\u0117<\/h4>\nProf. dr. R\u016bta Stanevi\u010di\u016bt\u0117 (Lietuvos muzikos ir teatro akademija)\n<h4>Vyriausiosios redaktor\u0117s pavaduotoja<\/h4>\nProf. dr. Rima Povilionien\u0117 (Lietuvos muzikos ir teatro akademija)\n<h4>Nariai<\/h4>\n\u2022 Prof. habil. dr. Eero Tarasti (Helsinkio universitetas, Suomija)\n\u2022 Prof. habil. dr. Helmut Loos (Leipcigo universitetas, Vokietija)\n\u2022 Habil. dr. Jolanta Guzy-Pasiak (Lenkijos moksl\u0173 akademijos Meno institutas, Lenkija)\n\u2022 Prof. dr. Kevin C. Karnes (Emory universitetas, JAV)\n\u2022 Prof. dr. Mart Humal (Estijos muzikos ir teatro akademija, Estija)\n\u2022 Prof. dr. Marina Frolova-Walker (Kembrid\u017eo universitetas, Jungtin\u0117 Karalyst\u0117)\n\u2022 Prof. dr. Leon Stefanija (Liublianos universitetas, Slov\u0117nija)\n\u2022 Prof. dr. Janis Kudin\u0161 (Latvijos J. Vytuolio muzikos akademija, Latvija)\n\u2022 Prof. habil. dr. (h.p.) Gra\u017eina Daunoravi\u010dien\u0117 (Lietuvos muzikos ir teatro akademija, Lietuva)\n\u2022 Prof. habil. dr. (h.p.) Daiva Vy\u010dinien\u0117 (Lietuvos muzikos ir teatro akademija, Lietuva)\n\u2022 Prof. dr. Danut\u0117 Petrauskait\u0117 (Lietuvos muzikos ir teatro akademija, Lietuva)\n\u2022 Dr. Audron\u0117 \u017dukauskait\u0117 (Lietuvos kult\u016bros tyrim\u0173 institutas; Europos humanitarinis universitetas, Lietuva)","_lt_post_name":"lietuvos-muzikologija-redaktoriu-kolegija","_lt_post_excerpt":"","_lt_post_title":"Lietuvos muzikologija","_en_post_content":"<h3>Editorial Board<\/h3>\n<h4>Editor-in-chief<\/h4>\nProf. Dr. R\u016bta Stanevi\u010di\u016bt\u0117 (Lithuanian Academy of Music and Theatre)\n<h4><strong>Deputy Editor-in-chief\u00a0<\/strong><\/h4>\nProf. Dr. Rima Povilionien\u0117 (Lithuanian Academy of Music and Theatre)\n<h4>Members<\/h4>\n\u2022 Prof. Habil. Dr. Eero Tarasti (University of Helsinki, Finland)\n\u2022 Prof. Habil. Dr. Helmut Loos (University of Leipzig, Germany)\n\u2022 Habil. Dr. Jolanta Guzy-Pasiak (Institute of Art of the Polish Academy of Sciences, Poland)\n\u2022 Prof. dr. Kevin C. Karnes (Emory University, USA)\n\u2022 Prof. Dr. Mart Humal (Estonian Academy of Music and Theatre, Estonia)\n\u2022 Prof. Dr. Marina Frolova-Walker (University of Cambridge, United Kingdom)\n\u2022 Prof. Dr. Leon Stefanija (University of Ljubljana, Slovenia)\n\u2022 Prof. Dr. Janis Kudin\u0161 (J\u0101zeps V\u012btols Latvian Academy of Music, Latvia)\n\u2022 Prof. Habil. Dr. Gra\u017eina Daunoravi\u010dien\u0117 (Lithuanian Academy of Music and Theatre, Lithuania)\n\u2022 Prof. Habil. Dr. Daiva Vy\u010dinien\u0117 (Lithuanian Academy of Music and Theatre, Lithuania)\n\u2022 Prof. Dr. Danut\u0117 Petrauskait\u0117 (Lithuanian Academy of Music and Theatre, Lithuania)\n\u2022 Dr. Audron\u0117 \u017dukauskait\u0117 (Lithuanian Culture Research Institute; European Humanities University, Lithuania)","_en_post_name":"lithuanian-musicology-editorial-board","_en_post_excerpt":"","_en_post_title":"Lithuanian Musicology","edit_language":"lt","_uf_show_specific_survey":0,"_uf_disable_surveys":false,"footnotes":""},"class_list":["post-87","page","type-page","status-publish","hentry"],"aioseo_notices":[],"_links":{"self":[{"href":"https:\/\/xn--urnalai-cxb.lmta.lt\/lt\/wp-json\/wp\/v2\/pages\/87","targetHints":{"allow":["GET"]}}],"collection":[{"href":"https:\/\/xn--urnalai-cxb.lmta.lt\/lt\/wp-json\/wp\/v2\/pages"}],"about":[{"href":"https:\/\/xn--urnalai-cxb.lmta.lt\/lt\/wp-json\/wp\/v2\/types\/page"}],"author":[{"embeddable":true,"href":"https:\/\/xn--urnalai-cxb.lmta.lt\/lt\/wp-json\/wp\/v2\/users\/1"}],"replies":[{"embeddable":true,"href":"https:\/\/xn--urnalai-cxb.lmta.lt\/lt\/wp-json\/wp\/v2\/comments?post=87"}],"version-history":[{"count":0,"href":"https:\/\/xn--urnalai-cxb.lmta.lt\/lt\/wp-json\/wp\/v2\/pages\/87\/revisions"}],"wp:attachment":[{"href":"https:\/\/xn--urnalai-cxb.lmta.lt\/lt\/wp-json\/wp\/v2\/media?parent=87"}],"curies":[{"name":"wp","href":"https:\/\/api.w.org\/{rel}","templated":true}]}}