{"id":697,"date":"2017-01-12T13:51:21","date_gmt":"2017-01-12T11:51:21","guid":{"rendered":"https:\/\/xn--urnalai-cxb.lmta.lt\/lt\/?page_id=697"},"modified":"2025-04-30T13:13:54","modified_gmt":"2025-04-30T10:13:54","slug":"ars-et-praxis-apie-leidini","status":"publish","type":"page","link":"https:\/\/xn--urnalai-cxb.lmta.lt\/lt\/ars-et-praxis-apie-leidini\/","title":{"rendered":"Ars et praxis"},"content":{"rendered":"\n<p><strong>Apie leidin\u012f<\/strong><\/p>\n\n\n\n<p><em>Ars et praxis<\/em> yra periodinis humanitarin\u0117s mokslo srities ir menini\u0173 tyrim\u0173 \u017eurnalas, prad\u0117tas spausdinti 2013 metais. Kasmet i\u0161leid\u017eiamas vienas tomas. \u017durnalo redakcin\u0119 kolegij\u0105 sudaro autoritetingi \u012fvairi\u0173 institucij\u0173 humanitarin\u0117s srities Lietuvos ir u\u017esienio mokslininkai. Leidinio <em>Ars et praxis<\/em> tikslas \u2013 skelbti Lietuvos ir u\u017esienio \u0161ali\u0173 humanitarinius mokslinius ir meninius tyrimus: originalius muzikos istorijos, teorijos, muzikinio folkloro, atlikimo meno, teatrologijos, kinotyros ir kitus. Pagrindin\u0117 <em>Ars et praxis<\/em> paskata \u2013 suteikti galimyb\u0119 \u017eurnale publikuoti savo darbus ne tik patyrusiems mokslininkams, LMTA d\u0117stytojams, bet ir doktorantams, vyresni\u0173j\u0173 kurs\u0173 studentams.<\/p>\n\n\n\n<p>Leidinys skatina skleisti savaranki\u0161kais tyrimais, steb\u0117jimais, eksperimentais, duomen\u0173 interpretacijomis paremtas mokslines id\u0117jas, diskutuoti svarbiais mokslo ir menini\u0173 tyrim\u0173 klausimais. <em>Ars et praxis<\/em> redakcin\u0117 kolegija \u012fsipareigoja, esant reikalui, konsultuoti studentus, doktorantus ir jaunus mokslininkus, rengian\u010dius savo pirm\u0105sias mokslo publikacijas.<\/p>\n\n\n\n<p>Did\u017ei\u0105j\u0105 \u017eurnalo <em>Ars et praxis<\/em> dal\u012f sudaro moksliniai ir menini\u0173 tyrim\u0173 straipsniai, jame skelbiamos moksli\u0161kai komentuotos \u0161altini\u0173 publikacijos, leidini\u0173 mokslin\u0117s recenzijos, LMTA mokslo veikl\u00f5s, apgint\u0173 ir publikuot\u0173 darb\u0173 kronika.<\/p>\n\n\n\n<p>2013\u20132020, 2022 m. \u017eurnalo vyriausiuoju redaktoriumi buvo Jonas Vytautas Bruveris, 2021 m. \u2013 R\u016bta Stanevi\u010di\u016bt\u0117-Kelmickien\u0117, nuo 2023 m. \u2013 Lina Navickait\u0117-Martinelli.<\/p>\n\n\n\n<p><strong>Redakcijos adresas<\/strong><\/p>\n\n\n\n<p><em>Ars et praxis<\/em>, Gedimino pr. 42, LT-01110 Vilnius, Lietuva <br>El. pa\u0161tas: lina.martinelli@lmta.lt; laima.budzinauskiene@lmta.lt<\/p>\n","protected":false},"excerpt":{"rendered":"<p>Apie leidin\u012f Ars et praxis yra periodinis humanitarin\u0117s mokslo srities ir menini\u0173 tyrim\u0173 \u017eurnalas, prad\u0117tas spausdinti 2013 metais. Kasmet i\u0161leid\u017eiamas vienas tomas. \u017durnalo redakcin\u0119 kolegij\u0105 sudaro autoritetingi \u012fvairi\u0173 institucij\u0173 humanitarin\u0117s srities Lietuvos ir u\u017esienio mokslininkai. Leidinio Ars et praxis tikslas \u2013 skelbti Lietuvos ir u\u017esienio \u0161ali\u0173 humanitarinius mokslinius ir meninius tyrimus: originalius muzikos istorijos, teorijos, &hellip; <a href=\"https:\/\/xn--urnalai-cxb.lmta.lt\/lt\/ars-et-praxis-apie-leidini\/\" class=\"more-link\">Skaityti toliau: <span class=\"screen-reader-text\">Ars et praxis<\/span><\/a><\/p>\n","protected":false},"author":1,"featured_media":0,"parent":0,"menu_order":0,"comment_status":"closed","ping_status":"closed","template":"","meta":{"om_disable_all_campaigns":false,"_monsterinsights_skip_tracking":false,"_monsterinsights_sitenote_active":false,"_monsterinsights_sitenote_note":"","_monsterinsights_sitenote_category":0,"_lt_post_content":"<!-- wp:paragraph -->\n<p><strong>Apie leidin\u012f<\/strong><\/p>\n<!-- \/wp:paragraph -->\n\n<!-- wp:paragraph -->\n<p><em>Ars et praxis<\/em> yra periodinis humanitarin\u0117s mokslo srities ir menini\u0173 tyrim\u0173 \u017eurnalas, prad\u0117tas spausdinti 2013 metais. Kasmet i\u0161leid\u017eiamas vienas tomas. \u017durnalo redakcin\u0119 kolegij\u0105 sudaro autoritetingi \u012fvairi\u0173 institucij\u0173 humanitarin\u0117s srities Lietuvos ir u\u017esienio mokslininkai. Leidinio <em>Ars et praxis<\/em> tikslas \u2013 skelbti Lietuvos ir u\u017esienio \u0161ali\u0173 humanitarinius mokslinius ir meninius tyrimus: originalius muzikos istorijos, teorijos, muzikinio folkloro, atlikimo meno, teatrologijos, kinotyros ir kitus. Pagrindin\u0117 <em>Ars et praxis<\/em> paskata \u2013 suteikti galimyb\u0119 \u017eurnale publikuoti savo darbus ne tik patyrusiems mokslininkams, LMTA d\u0117stytojams, bet ir doktorantams, vyresni\u0173j\u0173 kurs\u0173 studentams.<\/p>\n<!-- \/wp:paragraph -->\n\n<!-- wp:paragraph -->\n<p>Leidinys skatina skleisti savaranki\u0161kais tyrimais, steb\u0117jimais, eksperimentais, duomen\u0173 interpretacijomis paremtas mokslines id\u0117jas, diskutuoti svarbiais mokslo ir menini\u0173 tyrim\u0173 klausimais. <em>Ars et praxis<\/em> redakcin\u0117 kolegija \u012fsipareigoja, esant reikalui, konsultuoti studentus, doktorantus ir jaunus mokslininkus, rengian\u010dius savo pirm\u0105sias mokslo publikacijas.<\/p>\n<!-- \/wp:paragraph -->\n\n<!-- wp:paragraph -->\n<p>Did\u017ei\u0105j\u0105 \u017eurnalo <em>Ars et praxis<\/em> dal\u012f sudaro moksliniai ir menini\u0173 tyrim\u0173 straipsniai, jame skelbiamos moksli\u0161kai komentuotos \u0161altini\u0173 publikacijos, leidini\u0173 mokslin\u0117s recenzijos, LMTA mokslo veikl\u00f5s, apgint\u0173 ir publikuot\u0173 darb\u0173 kronika.<\/p>\n<!-- \/wp:paragraph -->\n\n<!-- wp:paragraph -->\n<p>2013\u20132020, 2022 m. \u017eurnalo vyriausiuoju redaktoriumi buvo Jonas Vytautas Bruveris, 2021 m. \u2013 R\u016bta Stanevi\u010di\u016bt\u0117-Kelmickien\u0117, nuo 2023 m. \u2013 Lina Navickait\u0117-Martinelli.<\/p>\n<!-- \/wp:paragraph -->\n\n<!-- wp:paragraph -->\n<p><strong>Redakcijos adresas<\/strong><\/p>\n<!-- \/wp:paragraph -->\n\n<!-- wp:paragraph -->\n<p><em>Ars et praxis<\/em>, Gedimino pr. 42, LT-01110 Vilnius, Lietuva <br>El. pa\u0161tas: lina.martinelli@lmta.lt; laima.budzinauskiene@lmta.lt<\/p>\n<!-- \/wp:paragraph -->","_lt_post_name":"ars-et-praxis-apie-leidini","_lt_post_excerpt":"","_lt_post_title":"Ars et praxis","_en_post_content":"","_en_post_name":"","_en_post_excerpt":"","_en_post_title":"","edit_language":"lt","_uf_show_specific_survey":0,"_uf_disable_surveys":false,"footnotes":""},"class_list":["post-697","page","type-page","status-publish","hentry"],"aioseo_notices":[],"_links":{"self":[{"href":"https:\/\/xn--urnalai-cxb.lmta.lt\/lt\/wp-json\/wp\/v2\/pages\/697","targetHints":{"allow":["GET"]}}],"collection":[{"href":"https:\/\/xn--urnalai-cxb.lmta.lt\/lt\/wp-json\/wp\/v2\/pages"}],"about":[{"href":"https:\/\/xn--urnalai-cxb.lmta.lt\/lt\/wp-json\/wp\/v2\/types\/page"}],"author":[{"embeddable":true,"href":"https:\/\/xn--urnalai-cxb.lmta.lt\/lt\/wp-json\/wp\/v2\/users\/1"}],"replies":[{"embeddable":true,"href":"https:\/\/xn--urnalai-cxb.lmta.lt\/lt\/wp-json\/wp\/v2\/comments?post=697"}],"version-history":[{"count":1,"href":"https:\/\/xn--urnalai-cxb.lmta.lt\/lt\/wp-json\/wp\/v2\/pages\/697\/revisions"}],"predecessor-version":[{"id":2002,"href":"https:\/\/xn--urnalai-cxb.lmta.lt\/lt\/wp-json\/wp\/v2\/pages\/697\/revisions\/2002"}],"wp:attachment":[{"href":"https:\/\/xn--urnalai-cxb.lmta.lt\/lt\/wp-json\/wp\/v2\/media?parent=697"}],"curies":[{"name":"wp","href":"https:\/\/api.w.org\/{rel}","templated":true}]}}