{"id":621,"date":"2016-12-14T13:57:04","date_gmt":"2016-12-14T11:57:04","guid":{"rendered":"https:\/\/xn--urnalai-cxb.lmta.lt\/?page_id=621"},"modified":"2026-01-29T11:34:13","modified_gmt":"2026-01-29T09:34:13","slug":"lietuvos-muzikologija-apie-leidini","status":"publish","type":"page","link":"https:\/\/xn--urnalai-cxb.lmta.lt\/lt\/lietuvos-muzikologija-apie-leidini\/","title":{"rendered":"Lietuvos muzikologija"},"content":{"rendered":"<h3>Apie leidin\u012f<\/h3>\n<p>Humanitarini\u0173 moksl\u0173 srities, menotyros krypties (muzikologija) periodinis mokslo \u017eurnalas. Leidinys i\u0161eina nuo 2000 m., leid\u017eiamas 1 kart\u0105 per metus (apimtis apie 200 p.). Straipsniai publikuojami lietuvi\u0173, angl\u0173, pranc\u016bz\u0173, vokie\u010di\u0173 kalbomis, straipsni\u0173 santraukos \u2013 angl\u0173 kalba. Did\u017ei\u0105j\u0105 leidinio dal\u012f sudaro moksliniai straipsniai, taip pat publikuojamos leidini\u0173 mokslin\u0117s recenzijos.<\/p>\n<hr \/>\n<p>\u017durnalas\u00a0\u201eLietuvos muzikologija\u201c referuojamas tarptautin\u0117se duomen\u0173 baz\u0117se: <em>SCOPUS, ERIH PLUS, <\/em><em>Humanities International Index, Humanities International Complete, British Humanities Index, MLA International Bibliography, RILM Abstracts of Music Literature.<br \/>\n<\/em><\/p>\n<h4>Redakcijos adresas<\/h4>\n<p>\u201eLietuvos muzikologija\u201c, Gedimino pr. 42, Vilnius, LT-01110 Lietuva<br \/>\nEl. pa\u0161tas: ruta.staneviciute@gmail.com, rima.povilioniene@gmail.com<\/p>\n<hr \/>\n<p>2011\u20132013 m. \u017eurnalas buvo leid\u017eiamas \u012fgyvendinant ES projekt\u0105 \u201ePeriodini\u0173 mokslo leidini\u0173 leidyba\u201c, sutarties Nr. ESF-03-S009.<br \/>\n2016\u20132018 m. \u017eurnalas buvo leid\u017eiamas \u012fgyvendinant ES projekt\u0105 \u201ePeriodini\u0173 mokslo leidini\u0173 leidyba ir jos koordinavimas\u201c, sutarties Nr. PML-2016\/11\/F16-372.<br \/>\n2019\u20132021 m. \u017eurnalas buvo leid\u017eiamas \u012fgyvendinant ES projekt\u0105 \u201ePeriodini\u0173 mokslo leidini\u0173 leidyba ir jos koordinavimas\u201c, sutarties Nr. PML3-2019\/08-08.<br \/>\n2022 m. \u017eurnalo 23 tomo leidyba i\u0161 dalies remiama LMT finansuojamo Lietuvos moksl\u0173 akademijos konkurso b\u016bdu atrinkt\u0173 mokslo leidini\u0173 leidybos projekto l\u0117\u0161omis. Projekto trukm\u0117 nuo 2022 m. liepos 1 d. iki gruod\u017eio 31 d.<\/p>\n","protected":false},"excerpt":{"rendered":"<p>Apie leidin\u012f Humanitarini\u0173 moksl\u0173 srities, menotyros krypties (muzikologija) periodinis mokslo \u017eurnalas. Leidinys i\u0161eina nuo 2000 m., leid\u017eiamas 1 kart\u0105 per metus (apimtis apie 200 p.). Straipsniai publikuojami lietuvi\u0173, angl\u0173, pranc\u016bz\u0173, vokie\u010di\u0173 kalbomis, straipsni\u0173 santraukos \u2013 angl\u0173 kalba. Did\u017ei\u0105j\u0105 leidinio dal\u012f sudaro moksliniai straipsniai, taip pat publikuojamos leidini\u0173 mokslin\u0117s recenzijos. \u017durnalas\u00a0\u201eLietuvos muzikologija\u201c referuojamas tarptautin\u0117se duomen\u0173 baz\u0117se: &hellip; <a href=\"https:\/\/xn--urnalai-cxb.lmta.lt\/lt\/lietuvos-muzikologija-apie-leidini\/\" class=\"more-link\">Skaityti toliau: <span class=\"screen-reader-text\">Lietuvos muzikologija<\/span><\/a><\/p>\n","protected":false},"author":1,"featured_media":0,"parent":0,"menu_order":0,"comment_status":"closed","ping_status":"closed","template":"","meta":{"om_disable_all_campaigns":false,"_monsterinsights_skip_tracking":false,"_monsterinsights_sitenote_active":false,"_monsterinsights_sitenote_note":"","_monsterinsights_sitenote_category":0,"_lt_post_content":"<h3>Apie leidin\u012f<\/h3>\nHumanitarini\u0173 moksl\u0173 srities, menotyros krypties (muzikologija) periodinis mokslo \u017eurnalas. Leidinys i\u0161eina nuo 2000 m., leid\u017eiamas 1 kart\u0105 per metus (apimtis apie 200 p.). Straipsniai publikuojami lietuvi\u0173, angl\u0173, pranc\u016bz\u0173, vokie\u010di\u0173 kalbomis, straipsni\u0173 santraukos \u2013 angl\u0173 kalba. Did\u017ei\u0105j\u0105 leidinio dal\u012f sudaro moksliniai straipsniai, taip pat publikuojamos leidini\u0173 mokslin\u0117s recenzijos.\n\n<hr \/>\n\n\u017durnalas\u00a0\u201eLietuvos muzikologija\u201c referuojamas tarptautin\u0117se duomen\u0173 baz\u0117se: <em>SCOPUS, ERIH PLUS, <\/em><em>Humanities International Index, Humanities International Complete, British Humanities Index, MLA International Bibliography, RILM Abstracts of Music Literature.\n<\/em>\n<h4>Redakcijos adresas<\/h4>\n\u201eLietuvos muzikologija\u201c, Gedimino pr. 42, Vilnius, LT-01110 Lietuva\nEl. pa\u0161tas: ruta.staneviciute@gmail.com, rima.povilioniene@gmail.com\n\n<hr \/>\n\n2011\u20132013 m. \u017eurnalas buvo leid\u017eiamas \u012fgyvendinant ES projekt\u0105 \u201ePeriodini\u0173 mokslo leidini\u0173 leidyba\u201c, sutarties Nr. ESF-03-S009.\n2016\u20132018 m. \u017eurnalas buvo leid\u017eiamas \u012fgyvendinant ES projekt\u0105 \u201ePeriodini\u0173 mokslo leidini\u0173 leidyba ir jos koordinavimas\u201c, sutarties Nr. PML-2016\/11\/F16-372.\n2019\u20132021 m. \u017eurnalas buvo leid\u017eiamas \u012fgyvendinant ES projekt\u0105 \u201ePeriodini\u0173 mokslo leidini\u0173 leidyba ir jos koordinavimas\u201c, sutarties Nr. PML3-2019\/08-08.\n2022 m. \u017eurnalo 23 tomo leidyba i\u0161 dalies remiama LMT finansuojamo Lietuvos moksl\u0173 akademijos konkurso b\u016bdu atrinkt\u0173 mokslo leidini\u0173 leidybos projekto l\u0117\u0161omis. Projekto trukm\u0117 nuo 2022 m. liepos 1 d. iki gruod\u017eio 31 d.","_lt_post_name":"lietuvos-muzikologija-apie-leidini","_lt_post_excerpt":"","_lt_post_title":"Lietuvos muzikologija","_en_post_content":"","_en_post_name":"","_en_post_excerpt":"","_en_post_title":"","edit_language":"lt","_uf_show_specific_survey":0,"_uf_disable_surveys":false,"footnotes":""},"class_list":["post-621","page","type-page","status-publish","hentry"],"aioseo_notices":[],"_links":{"self":[{"href":"https:\/\/xn--urnalai-cxb.lmta.lt\/lt\/wp-json\/wp\/v2\/pages\/621","targetHints":{"allow":["GET"]}}],"collection":[{"href":"https:\/\/xn--urnalai-cxb.lmta.lt\/lt\/wp-json\/wp\/v2\/pages"}],"about":[{"href":"https:\/\/xn--urnalai-cxb.lmta.lt\/lt\/wp-json\/wp\/v2\/types\/page"}],"author":[{"embeddable":true,"href":"https:\/\/xn--urnalai-cxb.lmta.lt\/lt\/wp-json\/wp\/v2\/users\/1"}],"replies":[{"embeddable":true,"href":"https:\/\/xn--urnalai-cxb.lmta.lt\/lt\/wp-json\/wp\/v2\/comments?post=621"}],"version-history":[{"count":1,"href":"https:\/\/xn--urnalai-cxb.lmta.lt\/lt\/wp-json\/wp\/v2\/pages\/621\/revisions"}],"predecessor-version":[{"id":2044,"href":"https:\/\/xn--urnalai-cxb.lmta.lt\/lt\/wp-json\/wp\/v2\/pages\/621\/revisions\/2044"}],"wp:attachment":[{"href":"https:\/\/xn--urnalai-cxb.lmta.lt\/lt\/wp-json\/wp\/v2\/media?parent=621"}],"curies":[{"name":"wp","href":"https:\/\/api.w.org\/{rel}","templated":true}]}}