{"id":374,"date":"2016-12-01T11:18:13","date_gmt":"2016-12-01T09:18:13","guid":{"rendered":"https:\/\/xn--urnalai-cxb.lmta.lt\/?page_id=374"},"modified":"2026-04-15T15:23:36","modified_gmt":"2026-04-15T12:23:36","slug":"ars-et-praxis-atmintine-autoriams","status":"publish","type":"page","link":"https:\/\/xn--urnalai-cxb.lmta.lt\/lt\/ars-et-praxis-atmintine-autoriams\/","title":{"rendered":"Ars et praxis"},"content":{"rendered":"\n<p><strong>Atmena autoriams<\/strong><\/p>\n\n\n\n<p>Mokslo \u017eurnalui <em>Ars et praxis <\/em>pateikiamos publikacijos turi b\u016bti originalios, anks\u010diau nespausdintos kituose leidiniuose. Remdamiesi \u0161altiniais, kit\u0173 mokslo ar menini\u0173 tyrim\u0173 med\u017eiaga, straipsni\u0173 autoriai privalo laikytis vis\u0173 tinkamo citavimo reikalavim\u0173. \u017durnalas gina autori\u0173 teises ir gerbia akademin\u0117s etikos normas. Savo ruo\u017etu, leidinio redaktoriai ir redakcin\u0117 kolegija \u012fsipareigoja neatskleisti jokios informacijos apie pateikt\u0105 straipsn\u012f niekam, i\u0161skyrus pat\u012f autori\u0173, bendraautorius, potencialius recenzentus ar kitus su \u017eurnalo leidyba susijusius asmenis (kalbos redaktorius, leid\u0117jus ir&nbsp;pan.). \u017durnale taikomas&nbsp;<em>peer review<\/em>&nbsp;standartas, tod\u0117l recenzentai straipsnius traktuoja kaip konfidencialius dokumentus, juos vertindami remiasi objektyvumo standartais, ai\u0161kiai argumentuoja i\u0161sakytus teiginius.<\/p>\n\n\n\n<p>Jei autorius pastebi straipsnyje palikt\u0173 fundamentali\u0173 klaid\u0173 jau po jo publikavimo, jis yra \u012fpareigojamas apie tai informuoti leidinio redaktorius ir bendradarbiauti jas taisant. \u017durnalo redaktoriai ir redakcin\u0117 kolegija neatsako u\u017e autori\u0173 straipsniuose i\u0161reik\u0161t\u0105 nuomon\u0119, po\u017ei\u016br\u012f, publikuot\u0173 \u0161altini\u0173 turin\u012f. Atsakomyb\u0119 u\u017e straipsnio originalum\u0105, tinkamum\u0105 ir tyrimo etik\u0105 prisiima autorius. <em>Ars et praxis<\/em> laikosi grie\u017etos akademinio s\u0105\u017einingumo politikos, apiman\u010dios tiek plagiato, tiek saviplagiato prevencij\u0105. Pateikdami straipsn\u012f svarstyti j\u012f publikuoti \u017eurnale, autoriai patvirtina, kad:<\/p>\n\n\n\n<p>1) \u017eino ir pripa\u017e\u012fsta, kad tiek plagijavimas, tiek saviplagijavimas akademin\u0117je erdv\u0117je yra netoleruotini. Plagiatu laikomas kito asmens id\u0117j\u0173, tekst\u0173 ar kit\u0173 intelektin\u0117s veiklos rezultat\u0173 pateikimas kaip sav\u0173, o saviplagiatu \u2013 savo anks\u010diau publikuoto darbo ar didel\u0117s jo dalies pakartotinis pateikimas be nuorodos \u012f pirmin\u012f \u0161altin\u012f;<\/p>\n\n\n\n<p>2) visi straipsnyje panaudoti \u0161altiniai \u2013 tiek anks\u010diau skelbti, tiek nepublikuoti&nbsp;\u2013 yra tinkamai nurodyti ir cituojami, o kiekvienas tre\u010di\u0173j\u0173 \u0161ali\u0173 ind\u0117lis \u012f straipsn\u012f yra deramai pripa\u017eintas;<\/p>\n\n\n\n<p>3) jei ra\u0161ant straipsn\u012f, kuriant vaizdus ar grafinius elementus arba renkant ir analizuojant duomenis buvo panaudoti dirbtinio intelekto \u012frankiai, j\u0173 panaudojimas yra skaidriai apra\u0161ytas;<\/p>\n\n\n\n<p>4) autoriai prisiima visi\u0161k\u0105 atsakomyb\u0119 u\u017e pateikto rankra\u0161\u010dio turin\u012f ir vis\u0173 pateikt\u0173 \u0161altini\u0173 tikslum\u0105, \u012fskaitant tas dalis, kurios buvo sukurtos naudojant dirbtin\u012f intelekt\u0105.<\/p>\n\n\n\n<p>\u017durnalo <em>Ars et praxis<\/em> redakcija pasilieka teis\u0119 naudoti plagijavimo ir saviplagijavimo prevencijai skirt\u0105 programin\u0119 \u012frang\u0105 pateikt\u0173 rankra\u0161\u010di\u0173 originalumui tikrinti.<\/p>\n\n\n\n<p><strong>Publikuoti teikiamo straipsnio reikalavimai ir recenzavimo tvarka<\/strong><\/p>\n\n\n\n<p>Mokslo straipsnio ir (ar) \u0161altinio publikacijos apimtis netur\u0117t\u0173 vir\u0161yti vieno autorinio lanko (40 000 sp. \u017e. su tarpais). Didesn\u0117s apimties publikacijos skelbiamos tik pritarus leidinio vyriausiajam redaktoriui.<\/p>\n\n\n\n<p>Publikacijos strukt\u016bra: straipsnio pavadinimas, autoriaus vardas, pavard\u0117; \u012fstaigos, kuriai atstovauja straipsnio autorius, pavadinimas; anotacija (privaloma suformuluoti tyrim\u0173 tiksl\u0105, nurodyti u\u017edavinius, \u012fvardyti objekt\u0105, metodus), reik\u0161miniai \u017eod\u017eiai, tekstas, literat\u016bros s\u0105ra\u0161as. Mokslo straipsnio pabaigoje turi b\u016bti pateikiama santrauka ir reik\u0161miniai \u017eod\u017eiai u\u017esienio kalba (jei straipsnis pateiktas u\u017esienio k., tada santrauka ir reik\u0161miniai \u017eod\u017eiai \u2013 lietuvi\u0173 k.). Santraukos apimtis \u2013 1&nbsp;000\u20131&nbsp;500 spaudos \u017eenkl\u0173 su tarpais. Straipsnio pabaigoje nurodomos jo \u012fteikimo ir pri\u0117mimo datos.<\/p>\n\n\n\n<p>Mokslo straipsnis rengiamas <em>Microsoft Word<\/em> programa <em>Times New Roman<\/em> \u0161riftu, 12&nbsp;pt dyd\u017eiu, 1,5 li intervalu. \u017durnalo redakcijai jis siun\u010diamas elektroniniu pa\u0161tu *.docx. ir *.pdf. formatais.<\/p>\n\n\n\n<p>Iliustracijos pateikiamos atskirai nuo straipsnio teksto, kartu su j\u0173 s\u0105ra\u0161u ir apra\u0161ais. Straipsnio iliustracin\u0117 med\u017eiaga (nuotraukos, grafikai, schemos, lentel\u0117s ir kt.) turi b\u016bti nespalvota, geros kokyb\u0117s ir tinkama reprodukuoti. Nuotraukos ir skenuotos iliustracijos pateikiamos *.tif formatu (ne ma\u017eesne kaip 300 dpi rai\u0161ka). Nat\u0173 pavyzd\u017eiai turi b\u016bti surinkti kompiuteriu ir konvertuoti \u012f nespalvot\u0105 *.pdf dokument\u0105. Straipsnyje turi b\u016bti nurodyta iliustracij\u0173 vieta.<\/p>\n\n\n\n<p>Straipsnio autorius atskirame lape lietuvi\u0173 ir angl\u0173 kalbomis turi pateikti trump\u0105 savo mokslin\u0119 biografij\u0105: nurodyti svarbiausius darbus, tyrim\u0173 interesus ir asmenin\u012f elektronin\u012f atstovaujamos institucijos pa\u0161to adres\u0105.<\/p>\n\n\n\n<p>Pateikt\u0105 straipsn\u012f anonimi\u0161kai recenzuoja du \u017eurnalo redakcijos paskirti mokslininkai arba menininkai tyr\u0117jai. Redakcin\u0117 kolegija ne\u012fsipareigoja tekst\u0173 autoriams teikti paai\u0161kinim\u0173, kod\u0117l buvo atmesti j\u0173 straipsniai. Maksimalus terminas, per kur\u012f redakcin\u0117 kolegija priima sprendim\u0105 skelbti, atmesti ar gr\u0105\u017einti tekst\u0105 taisyti, yra 2 m\u0117nesiai.<\/p>\n\n\n\n<p><strong>Citavimo ir bibliografinio apra\u0161o reikalavimai<\/strong><\/p>\n\n\n\n<p>\u017durnalui <em>Ars et praxis<\/em> teikiamuose straipsniuose turi b\u016bti laikomasi <a href=\"https:\/\/biblioteka.lmta.lt\/wp-content\/uploads\/2026\/03\/Citavimo.gaires_2026-03-23.pdf\" title=\"\">LMTA Citavimo ir bibliografijos apra\u0161o sudarymo gairi\u0173<\/a>.<\/p>\n\n\n\n<p>\u0160i <em>Atmena autoriams<\/em> \u012fsigalioja nuo 2025 met\u0173.<\/p>\n\n\n\n<p><\/p>\n","protected":false},"excerpt":{"rendered":"<p>Atmena autoriams Mokslo \u017eurnalui Ars et praxis pateikiamos publikacijos turi b\u016bti originalios, anks\u010diau nespausdintos kituose leidiniuose. Remdamiesi \u0161altiniais, kit\u0173 mokslo ar menini\u0173 tyrim\u0173 med\u017eiaga, straipsni\u0173 autoriai privalo laikytis vis\u0173 tinkamo citavimo reikalavim\u0173. \u017durnalas gina autori\u0173 teises ir gerbia akademin\u0117s etikos normas. Savo ruo\u017etu, leidinio redaktoriai ir redakcin\u0117 kolegija \u012fsipareigoja neatskleisti jokios informacijos apie pateikt\u0105 straipsn\u012f &hellip; <a href=\"https:\/\/xn--urnalai-cxb.lmta.lt\/lt\/ars-et-praxis-atmintine-autoriams\/\" class=\"more-link\">Skaityti toliau: <span class=\"screen-reader-text\">Ars et praxis<\/span><\/a><\/p>\n","protected":false},"author":1,"featured_media":0,"parent":0,"menu_order":0,"comment_status":"closed","ping_status":"closed","template":"","meta":{"om_disable_all_campaigns":false,"_monsterinsights_skip_tracking":false,"_monsterinsights_sitenote_active":false,"_monsterinsights_sitenote_note":"","_monsterinsights_sitenote_category":0,"_lt_post_content":"<!-- wp:paragraph -->\n<p><strong>Atmena autoriams<\/strong><\/p>\n<!-- \/wp:paragraph -->\n\n<!-- wp:paragraph -->\n<p>Mokslo \u017eurnalui <em>Ars et praxis <\/em>pateikiamos publikacijos turi b\u016bti originalios, anks\u010diau nespausdintos kituose leidiniuose. Remdamiesi \u0161altiniais, kit\u0173 mokslo ar menini\u0173 tyrim\u0173 med\u017eiaga, straipsni\u0173 autoriai privalo laikytis vis\u0173 tinkamo citavimo reikalavim\u0173. \u017durnalas gina autori\u0173 teises ir gerbia akademin\u0117s etikos normas. Savo ruo\u017etu, leidinio redaktoriai ir redakcin\u0117 kolegija \u012fsipareigoja neatskleisti jokios informacijos apie pateikt\u0105 straipsn\u012f niekam, i\u0161skyrus pat\u012f autori\u0173, bendraautorius, potencialius recenzentus ar kitus su \u017eurnalo leidyba susijusius asmenis (kalbos redaktorius, leid\u0117jus ir&nbsp;pan.). \u017durnale taikomas&nbsp;<em>peer review<\/em>&nbsp;standartas, tod\u0117l recenzentai straipsnius traktuoja kaip konfidencialius dokumentus, juos vertindami remiasi objektyvumo standartais, ai\u0161kiai argumentuoja i\u0161sakytus teiginius.<\/p>\n<!-- \/wp:paragraph -->\n\n<!-- wp:paragraph -->\n<p>Jei autorius pastebi straipsnyje palikt\u0173 fundamentali\u0173 klaid\u0173 jau po jo publikavimo, jis yra \u012fpareigojamas apie tai informuoti leidinio redaktorius ir bendradarbiauti jas taisant. \u017durnalo redaktoriai ir redakcin\u0117 kolegija neatsako u\u017e autori\u0173 straipsniuose i\u0161reik\u0161t\u0105 nuomon\u0119, po\u017ei\u016br\u012f, publikuot\u0173 \u0161altini\u0173 turin\u012f. Atsakomyb\u0119 u\u017e straipsnio originalum\u0105, tinkamum\u0105 ir tyrimo etik\u0105 prisiima autorius. <em>Ars et praxis<\/em> laikosi grie\u017etos akademinio s\u0105\u017einingumo politikos, apiman\u010dios tiek plagiato, tiek saviplagiato prevencij\u0105. Pateikdami straipsn\u012f svarstyti j\u012f publikuoti \u017eurnale, autoriai patvirtina, kad:<\/p>\n<!-- \/wp:paragraph -->\n\n<!-- wp:paragraph -->\n<p>1) \u017eino ir pripa\u017e\u012fsta, kad tiek plagijavimas, tiek saviplagijavimas akademin\u0117je erdv\u0117je yra netoleruotini. Plagiatu laikomas kito asmens id\u0117j\u0173, tekst\u0173 ar kit\u0173 intelektin\u0117s veiklos rezultat\u0173 pateikimas kaip sav\u0173, o saviplagiatu \u2013 savo anks\u010diau publikuoto darbo ar didel\u0117s jo dalies pakartotinis pateikimas be nuorodos \u012f pirmin\u012f \u0161altin\u012f;<\/p>\n<!-- \/wp:paragraph -->\n\n<!-- wp:paragraph -->\n<p>2) visi straipsnyje panaudoti \u0161altiniai \u2013 tiek anks\u010diau skelbti, tiek nepublikuoti&nbsp;\u2013 yra tinkamai nurodyti ir cituojami, o kiekvienas tre\u010di\u0173j\u0173 \u0161ali\u0173 ind\u0117lis \u012f straipsn\u012f yra deramai pripa\u017eintas;<\/p>\n<!-- \/wp:paragraph -->\n\n<!-- wp:paragraph -->\n<p>3) jei ra\u0161ant straipsn\u012f, kuriant vaizdus ar grafinius elementus arba renkant ir analizuojant duomenis buvo panaudoti dirbtinio intelekto \u012frankiai, j\u0173 panaudojimas yra skaidriai apra\u0161ytas;<\/p>\n<!-- \/wp:paragraph -->\n\n<!-- wp:paragraph -->\n<p>4) autoriai prisiima visi\u0161k\u0105 atsakomyb\u0119 u\u017e pateikto rankra\u0161\u010dio turin\u012f ir vis\u0173 pateikt\u0173 \u0161altini\u0173 tikslum\u0105, \u012fskaitant tas dalis, kurios buvo sukurtos naudojant dirbtin\u012f intelekt\u0105.<\/p>\n<!-- \/wp:paragraph -->\n\n<!-- wp:paragraph -->\n<p>\u017durnalo <em>Ars et praxis<\/em> redakcija pasilieka teis\u0119 naudoti plagijavimo ir saviplagijavimo prevencijai skirt\u0105 programin\u0119 \u012frang\u0105 pateikt\u0173 rankra\u0161\u010di\u0173 originalumui tikrinti.<\/p>\n<!-- \/wp:paragraph -->\n\n<!-- wp:paragraph -->\n<p><strong>Publikuoti teikiamo straipsnio reikalavimai ir recenzavimo tvarka<\/strong><\/p>\n<!-- \/wp:paragraph -->\n\n<!-- wp:paragraph -->\n<p>Mokslo straipsnio ir (ar) \u0161altinio publikacijos apimtis netur\u0117t\u0173 vir\u0161yti vieno autorinio lanko (40 000 sp. \u017e. su tarpais). Didesn\u0117s apimties publikacijos skelbiamos tik pritarus leidinio vyriausiajam redaktoriui.<\/p>\n<!-- \/wp:paragraph -->\n\n<!-- wp:paragraph -->\n<p>Publikacijos strukt\u016bra: straipsnio pavadinimas, autoriaus vardas, pavard\u0117; \u012fstaigos, kuriai atstovauja straipsnio autorius, pavadinimas; anotacija (privaloma suformuluoti tyrim\u0173 tiksl\u0105, nurodyti u\u017edavinius, \u012fvardyti objekt\u0105, metodus), reik\u0161miniai \u017eod\u017eiai, tekstas, literat\u016bros s\u0105ra\u0161as. Mokslo straipsnio pabaigoje turi b\u016bti pateikiama santrauka ir reik\u0161miniai \u017eod\u017eiai u\u017esienio kalba (jei straipsnis pateiktas u\u017esienio k., tada santrauka ir reik\u0161miniai \u017eod\u017eiai \u2013 lietuvi\u0173 k.). Santraukos apimtis \u2013 1&nbsp;000\u20131&nbsp;500 spaudos \u017eenkl\u0173 su tarpais. Straipsnio pabaigoje nurodomos jo \u012fteikimo ir pri\u0117mimo datos.<\/p>\n<!-- \/wp:paragraph -->\n\n<!-- wp:paragraph -->\n<p>Mokslo straipsnis rengiamas <em>Microsoft Word<\/em> programa <em>Times New Roman<\/em> \u0161riftu, 12&nbsp;pt dyd\u017eiu, 1,5 li intervalu. \u017durnalo redakcijai jis siun\u010diamas elektroniniu pa\u0161tu *.docx. ir *.pdf. formatais.<\/p>\n<!-- \/wp:paragraph -->\n\n<!-- wp:paragraph -->\n<p>Iliustracijos pateikiamos atskirai nuo straipsnio teksto, kartu su j\u0173 s\u0105ra\u0161u ir apra\u0161ais. Straipsnio iliustracin\u0117 med\u017eiaga (nuotraukos, grafikai, schemos, lentel\u0117s ir kt.) turi b\u016bti nespalvota, geros kokyb\u0117s ir tinkama reprodukuoti. Nuotraukos ir skenuotos iliustracijos pateikiamos *.tif formatu (ne ma\u017eesne kaip 300 dpi rai\u0161ka). Nat\u0173 pavyzd\u017eiai turi b\u016bti surinkti kompiuteriu ir konvertuoti \u012f nespalvot\u0105 *.pdf dokument\u0105. Straipsnyje turi b\u016bti nurodyta iliustracij\u0173 vieta.<\/p>\n<!-- \/wp:paragraph -->\n\n<!-- wp:paragraph -->\n<p>Straipsnio autorius atskirame lape lietuvi\u0173 ir angl\u0173 kalbomis turi pateikti trump\u0105 savo mokslin\u0119 biografij\u0105: nurodyti svarbiausius darbus, tyrim\u0173 interesus ir asmenin\u012f elektronin\u012f atstovaujamos institucijos pa\u0161to adres\u0105.<\/p>\n<!-- \/wp:paragraph -->\n\n<!-- wp:paragraph -->\n<p>Pateikt\u0105 straipsn\u012f anonimi\u0161kai recenzuoja du \u017eurnalo redakcijos paskirti mokslininkai arba menininkai tyr\u0117jai. Redakcin\u0117 kolegija ne\u012fsipareigoja tekst\u0173 autoriams teikti paai\u0161kinim\u0173, kod\u0117l buvo atmesti j\u0173 straipsniai. Maksimalus terminas, per kur\u012f redakcin\u0117 kolegija priima sprendim\u0105 skelbti, atmesti ar gr\u0105\u017einti tekst\u0105 taisyti, yra 2 m\u0117nesiai.<\/p>\n<!-- \/wp:paragraph -->\n\n<!-- wp:paragraph -->\n<p><strong>Citavimo ir bibliografinio apra\u0161o reikalavimai<\/strong><\/p>\n<!-- \/wp:paragraph -->\n\n<!-- wp:paragraph -->\n<p>\u017durnalui <em>Ars et praxis<\/em> teikiamuose straipsniuose turi b\u016bti laikomasi <a href=\"https:\/\/biblioteka.lmta.lt\/wp-content\/uploads\/2026\/03\/Citavimo.gaires_2026-03-23.pdf\" title=\"\">LMTA Citavimo ir bibliografijos apra\u0161o sudarymo gairi\u0173<\/a>.<\/p>\n<!-- \/wp:paragraph -->\n\n<!-- wp:paragraph -->\n<p>\u0160i <em>Atmena autoriams<\/em> \u012fsigalioja nuo 2025 met\u0173.<\/p>\n<!-- \/wp:paragraph -->\n\n<!-- wp:paragraph -->\n<p><\/p>\n<!-- \/wp:paragraph -->","_lt_post_name":"ars-et-praxis-atmintine-autoriams","_lt_post_excerpt":"","_lt_post_title":"Ars et praxis","_en_post_content":"<!-- wp:paragraph -->\n<p><strong>Guide for authors<\/strong><\/p>\n<!-- \/wp:paragraph -->\n\n<!-- wp:paragraph -->\n<p>Articles submitted to the <em>Ars et praxis <\/em>journal must be original works not previously printed in other publications. Using sources and material from other academic or artistic research, article authors must abide by all the appropriate citation requirements. The journal defends authors\u2019 rights and honours academic ethical norms. In turn, the publication\u2019s editors and editorial board is obligated not to reveal any information about submitted articles to any parties other than the author, co-authors, potential reviewers or other individuals associated with the journal\u2019s publishing (copy editors, printers, etc.). The journal is peer-reviewed so reviewers treat these articles as confidential documents, evaluating them based on objective standards and supporting their statements with clear arguments.<\/p>\n<!-- \/wp:paragraph -->\n\n<!-- wp:paragraph -->\n<p>If an author notices fundamental errors remaining in their article after it has been published, they are obligated to inform the publication\u2019s editors of this and cooperate with them in correcting the oversights. The journal\u2019s editors and editorial board are not liable for the opinions or views expressed in the article by the author(s) or the content of published sources. Liability for the article\u2019s originality, suitability and research ethics lies with the author. <em>Ars et praxis<\/em> adheres to a strict policy of academic honesty, covering both plagiarism and self-plagiarism prevention. When submitting an article for deliberation on whether it should be published in the journal, the authors confirm that:<\/p>\n<!-- \/wp:paragraph -->\n\n<!-- wp:paragraph -->\n<p>1) they know and acknowledge that both plagiarism and self-plagiarism are not tolerated in the academic space. Plagiarism is the presentation of another person\u2019s ideas, texts or the results of others\u2019 intellectual activities as one\u2019s own; self-plagiarism is the repeated presentation of one\u2019s own earlier published work, or a large part thereof, without referring to the initial source;<\/p>\n<!-- \/wp:paragraph -->\n\n<!-- wp:paragraph -->\n<p>2) all sources published in the article, both those published earlier and those not yet published, must be properly referenced and cited, and each contribution to the article by a third party must be acknowledged accordingly;<\/p>\n<!-- \/wp:paragraph -->\n\n<!-- wp:paragraph -->\n<p>3) if artificial intelligence tools were used in the writing of the article, in image or graphic element creation, or in the selection and analysis of data, this must be accounted for transparently;<\/p>\n<!-- \/wp:paragraph -->\n\n<!-- wp:paragraph -->\n<p>4) authors hold all liability for the content of their submitted manuscript and the accuracy of all presented sources, including those parts that were created using artificial intelligence.<\/p>\n<!-- \/wp:paragraph -->\n\n<!-- wp:paragraph -->\n<p>The editors of <em>Ars et praxis<\/em> retain the right to use programming equipment aimed at plagiarism and self-plagiarism prevention to check the originality of the submitted manuscripts.<\/p>\n<!-- \/wp:paragraph -->\n\n<!-- wp:paragraph -->\n<p>Requirements for publication of a submitted article and review procedures<\/p>\n<!-- \/wp:paragraph -->\n\n<!-- wp:paragraph -->\n<p>Scientific articles and\/or source publications should not exceed 40,000 characters (with spaces). Longer publications will be published only with the editor-in-chief\u2019s approval.<\/p>\n<!-- \/wp:paragraph -->\n\n<!-- wp:paragraph -->\n<p>Publication structure: article title, author\u2019s name and surname; name of the institution the article author is representing; abstract (this must include the research aims, objectives, object of the research and methods), keywords, text, list of references. A summary must be given at the end of the article along with the keywords in English (if the article is submitted in a language other than Lithuanian, then the summary and keywords must be in Lithuanian). The summary must be between 1,000 and 1,500 characters. The article submission date should also be shown at the end of the article.<\/p>\n<!-- \/wp:paragraph -->\n\n<!-- wp:paragraph -->\n<p>Articles should be written using Microsoft Word in 12 point Times New Roman with 1.5 line spacing. They are to be sent to the journal editorial board by email in *.docx and *.pdf formats.<\/p>\n<!-- \/wp:paragraph -->\n\n<!-- wp:paragraph -->\n<p>Illustrations should be submitted separately from the article text, along with a list and captions. Illustrative material (photographs, graphic images, diagrams, tables, etc.) must be in black and white, of good quality and suitable for reproduction. Photographs and scanned illustrations should be submitted in *.tif format (no less than 300 dpi), while music examples should be entered on the computer and converted to a black and white *.pdf document. The source of the illustration must be given in the article.<\/p>\n<!-- \/wp:paragraph -->\n\n<!-- wp:paragraph -->\n<p>The author of an article must submit a separate page with their brief academic bibliography in Lithuanian and English: please indicate your most important works, areas of research interest and personal email address at your represented institution.<\/p>\n<!-- \/wp:paragraph -->\n\n<!-- wp:paragraph -->\n<p>Submitted articles are anonymously peer-reviewed by two academics or artistic researchers appointed by the editorial board. The editorial board is not obligated to provide authors with explanations for why their articles were not accepted. The maximum term during which the editorial board should decide whether to publish, reject or return a text for correction is two months.<\/p>\n<!-- \/wp:paragraph -->\n\n<!-- wp:paragraph -->\n<p><strong>Guidelines for citation and bibliography formation<\/strong><\/p>\n<!-- \/wp:paragraph -->\n\n<!-- wp:paragraph -->\n<p>Articles submitted to the <em>Ars et praxis<\/em> journal must abide by the <a href=\"https:\/\/biblioteka.lmta.lt\/wp-content\/uploads\/2025\/03\/Citavimo-ir-bibliografijos-apraso-sudarymo-gaires.pdf\">LMTA Guidelines for Citation and Bibliography Formation<\/a>. <\/p>\n<!-- \/wp:paragraph -->\n\n<!-- wp:paragraph -->\n<p>This <em>Guide for Authors<\/em> comes into effect from 2025.<\/p>\n<!-- \/wp:paragraph -->","_en_post_name":"ars-et-praxis-memo-for-authors","_en_post_excerpt":"","_en_post_title":"Ars et praxis","edit_language":"lt","_uf_show_specific_survey":0,"_uf_disable_surveys":false,"footnotes":""},"class_list":["post-374","page","type-page","status-publish","hentry"],"aioseo_notices":[],"_links":{"self":[{"href":"https:\/\/xn--urnalai-cxb.lmta.lt\/lt\/wp-json\/wp\/v2\/pages\/374","targetHints":{"allow":["GET"]}}],"collection":[{"href":"https:\/\/xn--urnalai-cxb.lmta.lt\/lt\/wp-json\/wp\/v2\/pages"}],"about":[{"href":"https:\/\/xn--urnalai-cxb.lmta.lt\/lt\/wp-json\/wp\/v2\/types\/page"}],"author":[{"embeddable":true,"href":"https:\/\/xn--urnalai-cxb.lmta.lt\/lt\/wp-json\/wp\/v2\/users\/1"}],"replies":[{"embeddable":true,"href":"https:\/\/xn--urnalai-cxb.lmta.lt\/lt\/wp-json\/wp\/v2\/comments?post=374"}],"version-history":[{"count":6,"href":"https:\/\/xn--urnalai-cxb.lmta.lt\/lt\/wp-json\/wp\/v2\/pages\/374\/revisions"}],"predecessor-version":[{"id":2107,"href":"https:\/\/xn--urnalai-cxb.lmta.lt\/lt\/wp-json\/wp\/v2\/pages\/374\/revisions\/2107"}],"wp:attachment":[{"href":"https:\/\/xn--urnalai-cxb.lmta.lt\/lt\/wp-json\/wp\/v2\/media?parent=374"}],"curies":[{"name":"wp","href":"https:\/\/api.w.org\/{rel}","templated":true}]}}