{"id":688,"date":"2017-01-04T19:26:49","date_gmt":"2017-01-04T17:26:49","guid":{"rendered":"https:\/\/xn--urnalai-cxb.lmta.lt\/lt\/?page_id=688"},"modified":"2025-01-23T14:31:50","modified_gmt":"2025-01-23T12:31:50","slug":"principles-of-music-composing-editorial-board","status":"publish","type":"page","link":"https:\/\/xn--urnalai-cxb.lmta.lt\/en\/principles-of-music-composing-editorial-board\/","title":{"rendered":"Principles of Music Composing","raw":"Principles of Music Composing"},"content":{"rendered":"<h3>Editorial Board<\/h3>\n<h4>Editor-in-chief<\/h4>\n<p>Prof. dr. Rimantas Janeliauskas<\/p>\n<h4>Assistant Editors<\/h4>\n<ul>\n<li>Assoc. Prof. Marius Baranauskas<\/li>\n<li>Aist\u0117 Vaitkevi\u010di\u016bt\u0117<\/li>\n<\/ul>\n<h4>Members<\/h4>\n<ul>\n<li>Assoc. Prof. Dr. Marius Baranauskas (Lithuanian Academy of Music and Theatre)<\/li>\n<li>Prof. Dr. Antanas Ku\u010dinskas (Lithuanian Academy of Music and Theatre)<\/li>\n<li>Prof. Dr. Dina Lentsner (Capital University, USA)<\/li>\n<li>Assoc. Prof. Dr. Ram\u016bnas Motiekaitis (Lithuanian Academy of Music and Theatre)<\/li>\n<li>Dr. J\u0101nis Petra\u0161kevi\u010ds (J\u0101zeps V\u012btols Latvian Academy of Music, Latvia)<\/li>\n<li>Prof. Dr. Pavel Pu\u015fca\u015f (Music Academy Cluj-Napoca, Romania)<\/li>\n<li>Prof. Roger Redgate (Goldsmiths University of London, England)<\/li>\n<li>Dr. Gundega \u0160mite (J\u0101zeps V\u012btols Latvian Academy of Music, Latvia)<\/li>\n<li>Dr. Bert Van Herck (New England Conservatory of Music, USA)<\/li>\n<li>Assoc. Prof. Dr. M\u0101rti\u0146\u0161 Vi\u013cums (Lithuanian Academy of Music and Theatre)<\/li>\n<li>Prof. Milo\u0161 Zatkalik (University of Arts in Belgrade, Serbia)<\/li>\n<\/ul>\n","protected":false,"raw":"<h3>Editorial Board<\/h3>\n<h4>Editor-in-chief<\/h4>\nProf. dr. Rimantas Janeliauskas\n<h4>Assistant Editors<\/h4>\n<ul>\n \t<li>Assoc. Prof. Marius Baranauskas<\/li>\n \t<li>Aist\u0117 Vaitkevi\u010di\u016bt\u0117<\/li>\n<\/ul>\n<h4>Members<\/h4>\n<ul>\n \t<li>Assoc. Prof. Dr. Marius Baranauskas (Lithuanian Academy of Music and Theatre)<\/li>\n \t<li>Prof. Dr. Antanas Ku\u010dinskas (Lithuanian Academy of Music and Theatre)<\/li>\n \t<li>Prof. Dr. Dina Lentsner (Capital University, USA)<\/li>\n \t<li>Assoc. Prof. Dr. Ram\u016bnas Motiekaitis (Lithuanian Academy of Music and Theatre)<\/li>\n \t<li>Dr. J\u0101nis Petra\u0161kevi\u010ds (J\u0101zeps V\u012btols Latvian Academy of Music, Latvia)<\/li>\n \t<li>Prof. Dr. Pavel Pu\u015fca\u015f (Music Academy Cluj-Napoca, Romania)<\/li>\n \t<li>Prof. Roger Redgate (Goldsmiths University of London, England)<\/li>\n \t<li>Dr. Gundega \u0160mite (J\u0101zeps V\u012btols Latvian Academy of Music, Latvia)<\/li>\n \t<li>Dr. Bert Van Herck (New England Conservatory of Music, USA)<\/li>\n \t<li>Assoc. Prof. Dr. M\u0101rti\u0146\u0161 Vi\u013cums (Lithuanian Academy of Music and Theatre)<\/li>\n \t<li>Prof. Milo\u0161 Zatkalik (University of Arts in Belgrade, Serbia)<\/li>\n<\/ul>"},"excerpt":{"rendered":"","protected":false,"raw":""},"author":1,"featured_media":0,"parent":0,"menu_order":0,"comment_status":"closed","ping_status":"closed","template":"","meta":{"om_disable_all_campaigns":false,"_monsterinsights_skip_tracking":false,"_monsterinsights_sitenote_active":false,"_monsterinsights_sitenote_note":"","_monsterinsights_sitenote_category":0,"_lt_post_content":"<h3>Redakcin\u0117 kolegija<\/h3>\n<h4>Vyr. redaktorius ir sudarytojas<\/h4>\nProf. dr. Rimantas Janeliauskas\n<h4>Redaktoriaus asistentai<\/h4>\n<ul>\n \t<li>Doc. dr. Marius Baranauskas<\/li>\n \t<li>Aist\u0117 Vaitkevi\u010di\u016bt\u0117<\/li>\n<\/ul>\n<h4>Nariai<\/h4>\n<ul>\n \t<li>Doc. dr. Marius Baranauskas (Lietuvos muzikos ir teatro akademija)<\/li>\n \t<li>Prof. dr. Antanas Ku\u010dinskas (Lietuvos muzikos ir teatro akademija)<\/li>\n \t<li>Prof. dr. Dina Lentsner (Capital universitetas, JAV)<\/li>\n \t<li>Doc. dr. Ram\u016bnas Motiekaitis (Lietuvos muzikos ir teatro akademija)<\/li>\n \t<li>Dr. J\u0101nis Petra\u0161kevi\u010ds (Latvijos J\u0101zepo V\u012btolio muzikos akademija, Latvija)<\/li>\n \t<li>Prof. Dr. Pavel Pu\u015fca\u015f (Klu\u017eo-Napokos muzikos akademija, Rumunija)<\/li>\n \t<li>Prof. Roger Redgate (Goldsmito Londono universitetas, Anglija)<\/li>\n \t<li>Dr. Gundega \u0160mite (Latvijos J\u0101zepo V\u012btuolio muzikos akademija, Latvija)<\/li>\n \t<li>Dr. Bert Van Herck (Naujosios Anglijos muzikos konservatorija, JAV)<\/li>\n \t<li>Doc. dr. M\u0101rti\u0146\u0161 Vi\u013cums (Lietuvos muzikos ir teatro akademija)<\/li>\n \t<li>Prof. Milo\u0161 Zatkalik (Belgrado men\u0173 universitetas, Serbija)<\/li>\n<\/ul>","_lt_post_name":"muzikos-komponavimo-principai-redaktoriu-kolegija","_lt_post_excerpt":"","_lt_post_title":"Muzikos komponavimo principai","_en_post_content":"<h3>Editorial Board<\/h3>\n<h4>Editor-in-chief<\/h4>\nProf. dr. Rimantas Janeliauskas\n<h4>Assistant Editors<\/h4>\n<ul>\n \t<li>Assoc. Prof. Marius Baranauskas<\/li>\n \t<li>Aist\u0117 Vaitkevi\u010di\u016bt\u0117<\/li>\n<\/ul>\n<h4>Members<\/h4>\n<ul>\n \t<li>Assoc. Prof. Dr. Marius Baranauskas (Lithuanian Academy of Music and Theatre)<\/li>\n \t<li>Prof. Dr. Antanas Ku\u010dinskas (Lithuanian Academy of Music and Theatre)<\/li>\n \t<li>Prof. Dr. Dina Lentsner (Capital University, USA)<\/li>\n \t<li>Assoc. Prof. Dr. Ram\u016bnas Motiekaitis (Lithuanian Academy of Music and Theatre)<\/li>\n \t<li>Dr. J\u0101nis Petra\u0161kevi\u010ds (J\u0101zeps V\u012btols Latvian Academy of Music, Latvia)<\/li>\n \t<li>Prof. Dr. Pavel Pu\u015fca\u015f (Music Academy Cluj-Napoca, Romania)<\/li>\n \t<li>Prof. Roger Redgate (Goldsmiths University of London, England)<\/li>\n \t<li>Dr. Gundega \u0160mite (J\u0101zeps V\u012btols Latvian Academy of Music, Latvia)<\/li>\n \t<li>Dr. Bert Van Herck (New England Conservatory of Music, USA)<\/li>\n \t<li>Assoc. Prof. Dr. M\u0101rti\u0146\u0161 Vi\u013cums (Lithuanian Academy of Music and Theatre)<\/li>\n \t<li>Prof. Milo\u0161 Zatkalik (University of Arts in Belgrade, Serbia)<\/li>\n<\/ul>","_en_post_name":"principles-of-music-composing-editorial-board","_en_post_excerpt":"","_en_post_title":"Principles of Music Composing","edit_language":"en","_uf_show_specific_survey":0,"_uf_disable_surveys":false,"footnotes":""},"class_list":["post-688","page","type-page","status-publish","hentry"],"aioseo_notices":[],"_links":{"self":[{"href":"https:\/\/xn--urnalai-cxb.lmta.lt\/en\/wp-json\/wp\/v2\/pages\/688","targetHints":{"allow":["GET"]}}],"collection":[{"href":"https:\/\/xn--urnalai-cxb.lmta.lt\/en\/wp-json\/wp\/v2\/pages"}],"about":[{"href":"https:\/\/xn--urnalai-cxb.lmta.lt\/en\/wp-json\/wp\/v2\/types\/page"}],"author":[{"embeddable":true,"href":"https:\/\/xn--urnalai-cxb.lmta.lt\/en\/wp-json\/wp\/v2\/users\/1"}],"replies":[{"embeddable":true,"href":"https:\/\/xn--urnalai-cxb.lmta.lt\/en\/wp-json\/wp\/v2\/comments?post=688"}],"version-history":[{"count":1,"href":"https:\/\/xn--urnalai-cxb.lmta.lt\/en\/wp-json\/wp\/v2\/pages\/688\/revisions"}],"predecessor-version":[{"id":1908,"href":"https:\/\/xn--urnalai-cxb.lmta.lt\/en\/wp-json\/wp\/v2\/pages\/688\/revisions\/1908"}],"wp:attachment":[{"href":"https:\/\/xn--urnalai-cxb.lmta.lt\/en\/wp-json\/wp\/v2\/media?parent=688"}],"curies":[{"name":"wp","href":"https:\/\/api.w.org\/{rel}","templated":true}]}}