{"id":295,"date":"2016-11-30T15:24:08","date_gmt":"2016-11-30T13:24:08","guid":{"rendered":"https:\/\/xn--urnalai-cxb.lmta.lt\/?page_id=295"},"modified":"2024-09-10T14:42:01","modified_gmt":"2024-09-10T11:42:01","slug":"ars-et-praxis-editorial-board","status":"publish","type":"page","link":"https:\/\/xn--urnalai-cxb.lmta.lt\/en\/ars-et-praxis-editorial-board\/","title":{"rendered":"Ars et praxis","raw":"Ars et praxis"},"content":{"rendered":"<h3>Editorial Board<\/h3>\n<h4>Editor-in-Chief<\/h4>\n<p>Lina Navickait\u0117-Martinelli (Lithuanian Academy of Music and Theatre), from 14 12 2023<\/p>\n<h4>Editorial Secretary<\/h4>\n<p>Laima Budzinauskien\u0117 (Lithuanian Academy of Music and Theatre)<\/p>\n<h4>Members<\/h4>\n<ul>\n<li>Giedr\u0117 Jankevi\u010di\u016bt\u0117 (Lithuanian Culture Research Institute)<\/li>\n<li>Gustaw Juzala (Polish Academy of Sciences Krak\u00f3w Branch, Institute of Archaeology and Ethnology)<\/li>\n<li>Naglis Kardelis (Vilnius University)<\/li>\n<li>J\u0101nis Kudi\u0146\u0161 (J\u0101zeps V\u012btols Latvian Academy of Music)<\/li>\n<li>Ramun\u0117 Marcinkevi\u010di\u016bt\u0117 (Lithuanian Academy of Music and Theatre)<\/li>\n<li>Valdis Muktup\u0101vels (University of Latvia)<\/li>\n<li>Anneli Saro (University of Tartu, Institute of Cultural Research and Arts)<\/li>\n<li>Bron\u0117 Stund\u017eien\u0117 (Institute of Lithuanian Literature and Folklore)<\/li>\n<li>Stephen Wilmer (Trinity College Dublin, the University of Dublin, Ireland)<\/li>\n<\/ul>\n","protected":false,"raw":"<h3>Editorial Board<\/h3>\n<h4>Editor-in-Chief<\/h4>\nLina Navickait\u0117-Martinelli (Lithuanian Academy of Music and Theatre), from 14 12 2023\n<h4>Editorial Secretary<\/h4>\nLaima Budzinauskien\u0117 (Lithuanian Academy of Music and Theatre)\n<h4>Members<\/h4>\n<ul>\n \t<li>Giedr\u0117 Jankevi\u010di\u016bt\u0117 (Lithuanian Culture Research Institute)<\/li>\n \t<li>Gustaw Juzala (Polish Academy of Sciences Krak\u00f3w Branch, Institute of Archaeology and Ethnology)<\/li>\n \t<li>Naglis Kardelis (Vilnius University)<\/li>\n \t<li>J\u0101nis Kudi\u0146\u0161 (J\u0101zeps V\u012btols Latvian Academy of Music)<\/li>\n \t<li>Ramun\u0117 Marcinkevi\u010di\u016bt\u0117 (Lithuanian Academy of Music and Theatre)<\/li>\n \t<li>Valdis Muktup\u0101vels (University of Latvia)<\/li>\n \t<li>Anneli Saro (University of Tartu, Institute of Cultural Research and Arts)<\/li>\n \t<li>Bron\u0117 Stund\u017eien\u0117 (Institute of Lithuanian Literature and Folklore)<\/li>\n \t<li>Stephen Wilmer (Trinity College Dublin, the University of Dublin, Ireland)<\/li>\n<\/ul>"},"excerpt":{"rendered":"","protected":false,"raw":""},"author":1,"featured_media":0,"parent":0,"menu_order":0,"comment_status":"closed","ping_status":"closed","template":"","meta":{"om_disable_all_campaigns":false,"_monsterinsights_skip_tracking":false,"_monsterinsights_sitenote_active":false,"_monsterinsights_sitenote_note":"","_monsterinsights_sitenote_category":0,"_lt_post_content":"<h3>Redaktori\u0173 kolegija<\/h3>\n<h4>Vyriausioji redaktor\u0117<\/h4>\nLina Navickait\u0117-Martinelli (Lietuvos muzikos ir teatro akademija), nuo 2023 12 14\n<h4>Vyr. redaktoriaus pavaduotoja<\/h4>\nLaima Budzinauskien\u0117 (Lietuvos muzikos ir teatro akademija)\nTel.: +370 611 70854\nEl. pa\u0161tas: laima.budzinauskiene@lmta.lt\n<h4>Nariai<\/h4>\n<ul>\n \t<li>Giedr\u0117 Jankevi\u010di\u016bt\u0117 (Lietuvos kult\u016bros tyrim\u0173 institutas)<\/li>\n \t<li>Gustaw Juzala (Lenkijos moksl\u0173 akademijos Krokuvos skyrius, Archeologijos ir etnologijos institutas)<\/li>\n \t<li>Naglis Kardelis (Vilniaus universitetas)<\/li>\n \t<li>J\u0101nis Kudi\u0146\u0161 (Latvijos Jazepo Vytuolio muzikos akademija)<\/li>\n \t<li>Ramun\u0117 Marcinkevi\u010di\u016bt\u0117 (Lietuvos muzikos ir teatro akademija)<\/li>\n \t<li>Valdis Muktup\u0101vels (Latvijos universitetas)<\/li>\n \t<li>Anneli Saro (Tartu universitetas, Kult\u016bros tyrim\u0173 ir menotyros institutas, Estija)<\/li>\n \t<li>Bron\u0117 Stund\u017eien\u0117 (Lietuvi\u0173 literat\u016bros ir tautosakos institutas)<\/li>\n \t<li>Stephen Wilmer (Dublino universitetas, <em>Trinity<\/em> koled\u017eas, Airija)<\/li>\n<\/ul>","_lt_post_name":"ars-et-praxis-redaktoriu-kolegija","_lt_post_excerpt":"","_lt_post_title":"Ars et praxis","_en_post_content":"<h3>Editorial Board<\/h3>\n<h4>Editor-in-Chief<\/h4>\nLina Navickait\u0117-Martinelli (Lithuanian Academy of Music and Theatre), from 14 12 2023\n<h4>Editorial Secretary<\/h4>\nLaima Budzinauskien\u0117 (Lithuanian Academy of Music and Theatre)\n<h4>Members<\/h4>\n<ul>\n \t<li>Giedr\u0117 Jankevi\u010di\u016bt\u0117 (Lithuanian Culture Research Institute)<\/li>\n \t<li>Gustaw Juzala (Polish Academy of Sciences Krak\u00f3w Branch, Institute of Archaeology and Ethnology)<\/li>\n \t<li>Naglis Kardelis (Vilnius University)<\/li>\n \t<li>J\u0101nis Kudi\u0146\u0161 (J\u0101zeps V\u012btols Latvian Academy of Music)<\/li>\n \t<li>Ramun\u0117 Marcinkevi\u010di\u016bt\u0117 (Lithuanian Academy of Music and Theatre)<\/li>\n \t<li>Valdis Muktup\u0101vels (University of Latvia)<\/li>\n \t<li>Anneli Saro (University of Tartu, Institute of Cultural Research and Arts)<\/li>\n \t<li>Bron\u0117 Stund\u017eien\u0117 (Institute of Lithuanian Literature and Folklore)<\/li>\n \t<li>Stephen Wilmer (Trinity College Dublin, the University of Dublin, Ireland)<\/li>\n<\/ul>","_en_post_name":"ars-et-praxis-editorial-board","_en_post_excerpt":"","_en_post_title":"Ars et praxis","edit_language":"en","_uf_show_specific_survey":0,"_uf_disable_surveys":false,"footnotes":""},"class_list":["post-295","page","type-page","status-publish","hentry"],"aioseo_notices":[],"_links":{"self":[{"href":"https:\/\/xn--urnalai-cxb.lmta.lt\/en\/wp-json\/wp\/v2\/pages\/295","targetHints":{"allow":["GET"]}}],"collection":[{"href":"https:\/\/xn--urnalai-cxb.lmta.lt\/en\/wp-json\/wp\/v2\/pages"}],"about":[{"href":"https:\/\/xn--urnalai-cxb.lmta.lt\/en\/wp-json\/wp\/v2\/types\/page"}],"author":[{"embeddable":true,"href":"https:\/\/xn--urnalai-cxb.lmta.lt\/en\/wp-json\/wp\/v2\/users\/1"}],"replies":[{"embeddable":true,"href":"https:\/\/xn--urnalai-cxb.lmta.lt\/en\/wp-json\/wp\/v2\/comments?post=295"}],"version-history":[{"count":1,"href":"https:\/\/xn--urnalai-cxb.lmta.lt\/en\/wp-json\/wp\/v2\/pages\/295\/revisions"}],"predecessor-version":[{"id":1807,"href":"https:\/\/xn--urnalai-cxb.lmta.lt\/en\/wp-json\/wp\/v2\/pages\/295\/revisions\/1807"}],"wp:attachment":[{"href":"https:\/\/xn--urnalai-cxb.lmta.lt\/en\/wp-json\/wp\/v2\/media?parent=295"}],"curies":[{"name":"wp","href":"https:\/\/api.w.org\/{rel}","templated":true}]}}